{"id":832,"date":"2022-04-13T13:06:57","date_gmt":"2022-04-13T11:06:57","guid":{"rendered":"https:\/\/pinot-ai.com\/?page_id=832"},"modified":"2022-05-23T09:21:06","modified_gmt":"2022-05-23T07:21:06","slug":"impressum","status":"publish","type":"page","link":"https:\/\/pinot-ai.com\/en\/impressum\/","title":{"rendered":"Imprint"},"content":{"rendered":"\n<h2 class=\"wp-block-heading\">Imprint<\/h2>\n\n\n\n<div class=\"wp-block-group is-layout-flex wp-block-group-is-layout-flex\"><\/div>\n\n\n\n<p>Angaben gem\u00e4\u00df \u00a7 5 TMG<\/p>\n\n\n\n<p><strong>PINOT Konsortium<\/strong><\/p>\n\n\n\n<p><strong>Projekt zur Entwicklung einer K\u00fcnstlichen Intelligenz f\u00fcr<\/strong> <strong>oenologische Technologie<\/strong><\/p>\n\n\n\n<hr class=\"wp-block-separator is-style-wide\"\/>\n\n\n\n<p><strong>Verbundkoordinator<\/strong><\/p>\n\n\n\n<p>DLR Rheinpfalz, Weincampus Neustadt<\/p>\n\n\n\n<p class=\"has-small-font-size\">Vertreten durch Direktor Dr. G\u00fcnter Hoos<\/p>\n\n\n\n<p class=\"has-small-font-size\">Breitenweg 71<\/p>\n\n\n\n<p class=\"has-small-font-size\">67435 Neustadt an der Weinstra\u00dfe<\/p>\n\n\n\n<div class=\"wp-block-group is-layout-flex wp-block-group-is-layout-flex\"><\/div>\n\n\n\n<p><strong>Verbundpartner<\/strong><\/p>\n\n\n\n<p>Fraunhofer IIS<\/p>\n\n\n\n<p class=\"has-small-font-size\">Am Wolfsmantel 33<\/p>\n\n\n\n<p class=\"has-small-font-size\">91058 Erlangen<\/p>\n\n\n\n<div class=\"wp-block-group is-layout-flex wp-block-group-is-layout-flex\"><\/div>\n\n\n\n<p>Wille Engineering<\/p>\n\n\n\n<p class=\"has-small-font-size\">Vertreten durch Sebastian Wille<\/p>\n\n\n\n<p class=\"has-small-font-size\">Bl\u00fccherstra\u00dfe 31<\/p>\n\n\n\n<p class=\"has-small-font-size\">67655 Kaiserslautern<\/p>\n\n\n\n<div class=\"wp-block-group is-layout-flex wp-block-group-is-layout-flex\"><\/div>\n\n\n\n<p>Genie Enterprise Inc., Niederlassung Deutschland<\/p>\n\n\n\n<p class=\"has-small-font-size\">Vertreten durch Regina Ke\u00dfler<\/p>\n\n\n\n<p class=\"has-small-font-size\">Donnersbergweg 1<\/p>\n\n\n\n<p class=\"has-small-font-size\">67059 Ludwigshafen<\/p>\n\n\n\n<div class=\"wp-block-group is-layout-flex wp-block-group-is-layout-flex\"><\/div>\n\n\n\n<p>Weingut Lergenm\u00fcller<\/p>\n\n\n\n<p class=\"has-small-font-size\">Vertreten durch J\u00fcrgen Lergenm\u00fcller, Stefan Lergenm\u00fcller<\/p>\n\n\n\n<p class=\"has-small-font-size\">Weinstrasse 16<\/p>\n\n\n\n<p class=\"has-small-font-size\">76835 Hainfeld<\/p>\n\n\n\n<div class=\"wp-block-group is-layout-flex wp-block-group-is-layout-flex\"><\/div>\n\n\n\n<p>Hochschule Trier<\/p>\n\n\n\n<p class=\"has-small-font-size\">Vertreten durch die Pr\u00e4sidentin der Hochschule Trier Prof. Dr. Dorit Schumann<\/p>\n\n\n\n<p class=\"has-small-font-size\">Umwelt-Campus Birkenfeld, Campusallee<\/p>\n\n\n\n<p class=\"has-small-font-size\">55768 Hoppst\u00e4dten-Weiersbach<\/p>\n\n\n\n<div class=\"wp-block-group is-layout-flex wp-block-group-is-layout-flex\"><\/div>\n\n\n\n<p>Vineyard Cloud GmbH<\/p>\n\n\n\n<p class=\"has-small-font-size\">Vertreten durch Marcel Sambale-Lergenm\u00fcller<\/p>\n\n\n\n<p class=\"has-small-font-size\">Annagut 0<\/p>\n\n\n\n<p class=\"has-small-font-size\">76835 Burrweiler<\/p>\n\n\n\n<div class=\"wp-block-group is-layout-flex wp-block-group-is-layout-flex\"><\/div>\n\n\n\n<div class=\"wp-block-group is-layout-flex wp-block-group-is-layout-flex\"><\/div>\n\n\n\n<p><strong>Redaktionell verantwortlich<\/strong><\/p>\n\n\n\n<p>Genie Enterprise Inc., Niederlassung Deutschland<\/p>\n\n\n\n<p>Vertreten durch Regina Ke\u00dfler<\/p>\n\n\n\n<p class=\"has-small-font-size\">Donnersbergweg 1<\/p>\n\n\n\n<p class=\"has-small-font-size\">67059 Ludwigshafen<\/p>\n\n\n\n<p class=\"has-small-font-size\">Deutschland<\/p>\n\n\n\n<p><strong>Kontakt<\/strong><\/p>\n\n\n\n<p class=\"has-small-font-size\">Telefon: +49 (0) 62112185290<\/p>\n\n\n\n<p class=\"has-small-font-size\">Telefax: +49 (0) 62112185299<\/p>\n\n\n\n<p class=\"has-small-font-size\">E-Mail: <a href=\"mailto:info@genie-enterprise.com\">info@genie-enterprise.com<\/a><\/p>\n\n\n\n<div class=\"wp-block-group is-layout-flex wp-block-group-is-layout-flex\"><\/div>\n\n\n\n<p><strong>Verbraucherstreitbeilegung\/Universalschlichtungsstelle<\/strong><\/p>\n\n\n\n<p class=\"has-small-font-size\">Wir sind nicht bereit oder verpflichtet, an Streitbeilegungsverfahren vor einer Verbraucherschlichtungsstelle teilzunehmen.<br><br><\/p>\n","protected":false},"excerpt":{"rendered":"<p>Imprint Angaben gem\u00e4\u00df \u00a7 5 TMG PINOT Konsortium Projekt zur Entwicklung einer K\u00fcnstlichen Intelligenz f\u00fcr oenologische Technologie Verbundkoordinator DLR Rheinpfalz, Weincampus Neustadt Vertreten durch Direktor Dr. G\u00fcnter Hoos Breitenweg 71 67435 Neustadt an der Weinstra\u00dfe Verbundpartner Fraunhofer IIS Am Wolfsmantel 33 91058 Erlangen Wille Engineering Vertreten durch Sebastian Wille Bl\u00fccherstra\u00dfe 31 67655 Kaiserslautern Genie Enterprise [&hellip;]<\/p>\n","protected":false},"author":1,"featured_media":0,"parent":0,"menu_order":0,"comment_status":"closed","ping_status":"closed","template":"","meta":{"inline_featured_image":false,"footnotes":""},"class_list":["post-832","page","type-page","status-publish","hentry"],"_links":{"self":[{"href":"https:\/\/pinot-ai.com\/en\/wp-json\/wp\/v2\/pages\/832","targetHints":{"allow":["GET"]}}],"collection":[{"href":"https:\/\/pinot-ai.com\/en\/wp-json\/wp\/v2\/pages"}],"about":[{"href":"https:\/\/pinot-ai.com\/en\/wp-json\/wp\/v2\/types\/page"}],"author":[{"embeddable":true,"href":"https:\/\/pinot-ai.com\/en\/wp-json\/wp\/v2\/users\/1"}],"replies":[{"embeddable":true,"href":"https:\/\/pinot-ai.com\/en\/wp-json\/wp\/v2\/comments?post=832"}],"version-history":[{"count":3,"href":"https:\/\/pinot-ai.com\/en\/wp-json\/wp\/v2\/pages\/832\/revisions"}],"predecessor-version":[{"id":919,"href":"https:\/\/pinot-ai.com\/en\/wp-json\/wp\/v2\/pages\/832\/revisions\/919"}],"wp:attachment":[{"href":"https:\/\/pinot-ai.com\/en\/wp-json\/wp\/v2\/media?parent=832"}],"curies":[{"name":"wp","href":"https:\/\/api.w.org\/{rel}","templated":true}]}}